{"id":757,"date":"2026-01-27T13:25:05","date_gmt":"2026-01-27T11:25:05","guid":{"rendered":"https:\/\/garodvasia.lt\/?page_id=757"},"modified":"2026-03-28T18:07:37","modified_gmt":"2026-03-28T16:07:37","slug":"parduotuve","status":"publish","type":"page","link":"https:\/\/garodvasia.lt\/en\/parduotuve\/","title":{"rendered":"Garo Dvasia \u2013 V\u0117duokli\u0173 internetin\u0117 parduotuv\u0117"},"content":{"rendered":"<div data-elementor-type=\"wp-page\" data-elementor-id=\"757\" class=\"elementor elementor-757\">\n\t\t\t\t<div class=\"elementor-element elementor-element-dee278a e-flex e-con-boxed e-con e-parent\" data-id=\"dee278a\" data-element_type=\"container\" data-e-type=\"container\" data-settings=\"{&quot;shape_divider_top&quot;:&quot;mountains&quot;}\">\n\t\t\t\t\t<div class=\"e-con-inner\">\n\t\t\t\t<div class=\"elementor-shape elementor-shape-top\" aria-hidden=\"true\" data-negative=\"false\">\n\t\t\t<svg xmlns=\"http:\/\/www.w3.org\/2000\/svg\" viewbox=\"0 0 1000 100\" preserveaspectratio=\"none\">\n\t<path class=\"elementor-shape-fill\" opacity=\"0.33\" d=\"M473,67.3c-203.9,88.3-263.1-34-320.3,0C66,119.1,0,59.7,0,59.7V0h1000v59.7 c0,0-62.1,26.1-94.9,29.3c-32.8,3.3-62.8-12.3-75.8-22.1C806,49.6,745.3,8.7,694.9,4.7S492.4,59,473,67.3z\"\/>\n\t<path class=\"elementor-shape-fill\" opacity=\"0.66\" d=\"M734,67.3c-45.5,0-77.2-23.2-129.1-39.1c-28.6-8.7-150.3-10.1-254,39.1 s-91.7-34.4-149.2,0C115.7,118.3,0,39.8,0,39.8V0h1000v36.5c0,0-28.2-18.5-92.1-18.5C810.2,18.1,775.7,67.3,734,67.3z\"\/>\n\t<path class=\"elementor-shape-fill\" d=\"M766.1,28.9c-200-57.5-266,65.5-395.1,19.5C242,1.8,242,5.4,184.8,20.6C128,35.8,132.3,44.9,89.9,52.5C28.6,63.7,0,0,0,0 h1000c0,0-9.9,40.9-83.6,48.1S829.6,47,766.1,28.9z\"\/>\n<\/svg>\t\t<\/div>\n\t\t\t\t<div class=\"elementor-element elementor-element-d5b0fac elementor-widget elementor-widget-text-editor\" data-id=\"d5b0fac\" data-element_type=\"widget\" data-e-type=\"widget\" data-widget_type=\"text-editor.default\">\n\t\t\t\t\t\t\t\t\t<p>\u00a0<\/p>\n<p>\u00a0<\/p>\t\t\t\t\t\t\t\t<\/div>\n\t\t\t\t\t<\/div>\n\t\t\t\t<\/div>\n\t\t<div class=\"elementor-element elementor-element-31e990d e-flex e-con-boxed elementor-invisible e-con e-parent\" data-id=\"31e990d\" data-element_type=\"container\" data-e-type=\"container\" data-settings=\"{&quot;animation&quot;:&quot;fadeIn&quot;}\">\n\t\t\t\t\t<div class=\"e-con-inner\">\n\t\t\t\t<div class=\"elementor-element elementor-element-88f1e09 elementor-widget elementor-widget-heading\" data-id=\"88f1e09\" data-element_type=\"widget\" data-e-type=\"widget\" data-widget_type=\"heading.default\">\n\t\t\t\t\t<h1 class=\"elementor-heading-title elementor-size-default\">Online Shop<\/h1>\t\t\t\t<\/div>\n\t\t\t\t\t<\/div>\n\t\t\t\t<\/div>\n\t\t<div class=\"elementor-element elementor-element-39daed4 e-flex e-con-boxed elementor-invisible e-con e-parent\" data-id=\"39daed4\" data-element_type=\"container\" data-e-type=\"container\" data-settings=\"{&quot;animation&quot;:&quot;fadeIn&quot;}\">\n\t\t\t\t\t<div class=\"e-con-inner\">\n\t\t\t\t<div class=\"elementor-element elementor-element-6a38796 elementor-widget elementor-widget-text-editor\" data-id=\"6a38796\" data-element_type=\"widget\" data-e-type=\"widget\" data-widget_type=\"text-editor.default\">\n\t\t\t\t\t\t\t\t\t<div class=\"contents_c19a55\"><h2 id=\"message-content-1477690803169267763\" class=\"markup__75297 messageContent_c19a55\" style=\"text-align: center;\"><strong>Below you will find our full range of handmade sauna products.<\/strong><\/h2><\/div><ul><li>Click on any item to view photos, choose your preferred size and color, add it to your cart, and place your order.<\/li><li>We will then contact you to finalize the payment and delivery details together.<\/li><\/ul>\t\t\t\t\t\t\t\t<\/div>\n\t\t\t\t\t<\/div>\n\t\t\t\t<\/div>\n\t\t<div class=\"elementor-element elementor-element-3dc640e e-flex e-con-boxed e-con e-parent\" data-id=\"3dc640e\" data-element_type=\"container\" data-e-type=\"container\">\n\t\t\t\t\t<div class=\"e-con-inner\">\n\t\t\t\t<div class=\"elementor-element elementor-element-cfaf164 elementor-widget elementor-widget-shortcode\" data-id=\"cfaf164\" data-element_type=\"widget\" data-e-type=\"widget\" data-widget_type=\"shortcode.default\">\n\t\t\t\t\t\t\t<div class=\"elementor-shortcode\"><div class=\"woocommerce columns-4\"><ul class=\"products columns-4\">\n<li class=\"desktop-align-center tablet-align-center mobile-align-center product type-product post-1125 status-publish first instock product_cat-veduokles-2 has-post-thumbnail sale shipping-taxable purchasable product-type-variable has-default-attributes\">\n\t<a href=\"https:\/\/garodvasia.lt\/en\/product\/veduokle-didele\/\" class=\"woocommerce-LoopProduct-link woocommerce-loop-product__link\">\n\t<span class=\"onsale\" data-notification=\"default\">-10\u20ac<\/span>\n\t<img fetchpriority=\"high\" decoding=\"async\" width=\"900\" height=\"675\" src=\"https:\/\/garodvasia.lt\/wp-content\/uploads\/2026\/03\/DSC7174-scaled-900x675.jpg\" class=\"attachment-woocommerce_thumbnail size-woocommerce_thumbnail\" alt=\"Didel\u0117 rank\u0173 darbo pirties v\u0117duokl\u0117\" \/><h2 class=\"woocommerce-loop-product__title\">Large handmade sauna fan<\/h2>\n\t<span class=\"price\"><span class=\"price\"><del><span class=\"woocommerce-Price-amount amount\"><bdi>69,00&nbsp;<span class=\"woocommerce-Price-currencySymbol\">\u20ac<\/span><\/bdi><\/span><\/del> <ins><span class=\"woocommerce-Price-amount amount\"><bdi>59,00&nbsp;<span class=\"woocommerce-Price-currencySymbol\">\u20ac<\/span><\/bdi><\/span><\/ins><\/span><\/span>\n<\/a><a href=\"https:\/\/garodvasia.lt\/en\/product\/veduokle-didele\/\" aria-describedby=\"woocommerce_loop_add_to_cart_link_describedby_1125\" data-quantity=\"1\" class=\"button product_type_variable add_to_cart_button\" data-product_id=\"1125\" data-product_sku=\"VD\" aria-label=\"Select options for \u201cDidel\u0117 rank\u0173 darbo pirties v\u0117duokl\u0117\u201d\" rel=\"nofollow\" data-no-translation=\"\" data-trp-gettext=\"\" data-no-translation-aria-label=\"\">Select options<\/a>\t<span id=\"woocommerce_loop_add_to_cart_link_describedby_1125\" class=\"screen-reader-text\">\n\t\tThis product has multiple variants. The options may be chosen on the product page\t<\/span>\n<\/li>\n<li class=\"desktop-align-center tablet-align-center mobile-align-center product type-product post-1131 status-publish instock product_cat-veduokles-2 has-post-thumbnail sale shipping-taxable purchasable product-type-variable has-default-attributes\">\n\t<a href=\"https:\/\/garodvasia.lt\/en\/product\/veduokle-vidutine\/\" class=\"woocommerce-LoopProduct-link woocommerce-loop-product__link\">\n\t<span class=\"onsale\" data-notification=\"default\">-10\u20ac<\/span>\n\t<img decoding=\"async\" width=\"900\" height=\"675\" src=\"https:\/\/garodvasia.lt\/wp-content\/uploads\/2026\/03\/DSC7178-scaled-900x675.jpg\" class=\"attachment-woocommerce_thumbnail size-woocommerce_thumbnail\" alt=\"Vidutin\u0117 rank\u0173 darbo pirties v\u0117duokl\u0117\" \/><h2 class=\"woocommerce-loop-product__title\">Medium handmade sauna fan<\/h2>\n\t<span class=\"price\"><span class=\"price\"><del><span class=\"woocommerce-Price-amount amount\"><bdi>59,00&nbsp;<span class=\"woocommerce-Price-currencySymbol\">\u20ac<\/span><\/bdi><\/span><\/del> <ins><span class=\"woocommerce-Price-amount amount\"><bdi>49,00&nbsp;<span class=\"woocommerce-Price-currencySymbol\">\u20ac<\/span><\/bdi><\/span><\/ins><\/span><\/span>\n<\/a><a href=\"https:\/\/garodvasia.lt\/en\/product\/veduokle-vidutine\/\" aria-describedby=\"woocommerce_loop_add_to_cart_link_describedby_1131\" data-quantity=\"1\" class=\"button product_type_variable add_to_cart_button\" data-product_id=\"1131\" data-product_sku=\"VV\" aria-label=\"Select options for \u201cVidutin\u0117 rank\u0173 darbo pirties v\u0117duokl\u0117\u201d\" rel=\"nofollow\" data-no-translation=\"\" data-trp-gettext=\"\" data-no-translation-aria-label=\"\">Select options<\/a>\t<span id=\"woocommerce_loop_add_to_cart_link_describedby_1131\" class=\"screen-reader-text\">\n\t\tThis product has multiple variants. The options may be chosen on the product page\t<\/span>\n<\/li>\n<li class=\"desktop-align-center tablet-align-center mobile-align-center product type-product post-1136 status-publish instock product_cat-veduokles-2 has-post-thumbnail sale shipping-taxable purchasable product-type-variable has-default-attributes\">\n\t<a href=\"https:\/\/garodvasia.lt\/en\/product\/veduokle-maza\/\" class=\"woocommerce-LoopProduct-link woocommerce-loop-product__link\">\n\t<span class=\"onsale\" data-notification=\"default\">-10\u20ac<\/span>\n\t<img decoding=\"async\" width=\"900\" height=\"675\" src=\"https:\/\/garodvasia.lt\/wp-content\/uploads\/2026\/03\/DSC7176-scaled-900x675.jpg\" class=\"attachment-woocommerce_thumbnail size-woocommerce_thumbnail\" alt=\"Ma\u017ea rank\u0173 darbo pirties v\u0117duokl\u0117\" \/><h2 class=\"woocommerce-loop-product__title\">Small handmade sauna fan<\/h2>\n\t<span class=\"price\"><span class=\"price\"><del><span class=\"woocommerce-Price-amount amount\"><bdi>49,00&nbsp;<span class=\"woocommerce-Price-currencySymbol\">\u20ac<\/span><\/bdi><\/span><\/del> <ins><span class=\"woocommerce-Price-amount amount\"><bdi>39,00&nbsp;<span class=\"woocommerce-Price-currencySymbol\">\u20ac<\/span><\/bdi><\/span><\/ins><\/span><\/span>\n<\/a><a href=\"https:\/\/garodvasia.lt\/en\/product\/veduokle-maza\/\" aria-describedby=\"woocommerce_loop_add_to_cart_link_describedby_1136\" data-quantity=\"1\" class=\"button product_type_variable add_to_cart_button\" data-product_id=\"1136\" data-product_sku=\"VM\" aria-label=\"Select options for \u201cMa\u017ea rank\u0173 darbo pirties v\u0117duokl\u0117\u201d\" rel=\"nofollow\" data-no-translation=\"\" data-trp-gettext=\"\" data-no-translation-aria-label=\"\">Select options<\/a>\t<span id=\"woocommerce_loop_add_to_cart_link_describedby_1136\" class=\"screen-reader-text\">\n\t\tThis product has multiple variants. The options may be chosen on the product page\t<\/span>\n<\/li>\n<li class=\"desktop-align-center tablet-align-center mobile-align-center product type-product post-149 status-publish last instock product_cat-veduokles-2 has-post-thumbnail sale shipping-taxable purchasable product-type-variable has-default-attributes\">\n\t<a href=\"https:\/\/garodvasia.lt\/en\/product\/veduokles\/\" class=\"woocommerce-LoopProduct-link woocommerce-loop-product__link\">\n\t<span class=\"onsale\" data-notification=\"default\">-10\u20ac<\/span>\n\t<img loading=\"lazy\" decoding=\"async\" width=\"900\" height=\"675\" src=\"https:\/\/garodvasia.lt\/wp-content\/uploads\/2026\/03\/DSC7249-scaled-900x675.jpg\" class=\"attachment-woocommerce_thumbnail size-woocommerce_thumbnail\" alt=\"Pasirinkite rank\u0173 darbo pirties v\u0117duokl\u0119\" \/><h2 class=\"woocommerce-loop-product__title\">Choose a handmade sauna fan<\/h2><div class=\"review-rating\"><div class=\"star-rating\"><span style=\"width:100%\" data-no-translation=\"\" data-trp-gettext=\"\">Rated <strong class=\"rating\">5.00<\/strong> out of 5<\/span><\/div><\/div>\n\t<span class=\"price\"><span class=\"price\"><span class=\"woocommerce-Price-amount amount\"><bdi>39,00&nbsp;<span class=\"woocommerce-Price-currencySymbol\">\u20ac<\/span><\/bdi><\/span> \u2013 <span class=\"woocommerce-Price-amount amount\"><bdi>59,00&nbsp;<span class=\"woocommerce-Price-currencySymbol\">\u20ac<\/span><\/bdi><\/span><\/span><\/span>\n<\/a><a href=\"https:\/\/garodvasia.lt\/en\/product\/veduokles\/\" aria-describedby=\"woocommerce_loop_add_to_cart_link_describedby_149\" data-quantity=\"1\" class=\"button product_type_variable add_to_cart_button\" data-product_id=\"149\" data-product_sku=\"V_\" aria-label=\"Select options for \u201cPasirinkite rank\u0173 darbo pirties v\u0117duokl\u0119\u201d\" rel=\"nofollow\" data-no-translation=\"\" data-trp-gettext=\"\" data-no-translation-aria-label=\"\">Select options<\/a>\t<span id=\"woocommerce_loop_add_to_cart_link_describedby_149\" class=\"screen-reader-text\">\n\t\tThis product has multiple variants. The options may be chosen on the product page\t<\/span>\n<\/li>\n<li class=\"desktop-align-center tablet-align-center mobile-align-center product type-product post-2126 status-publish first instock product_cat-deklai has-post-thumbnail shipping-taxable purchasable product-type-variable has-default-attributes\">\n\t<a href=\"https:\/\/garodvasia.lt\/en\/product\/deklas-didelis\/\" class=\"woocommerce-LoopProduct-link woocommerce-loop-product__link\"><img loading=\"lazy\" decoding=\"async\" width=\"900\" height=\"675\" src=\"https:\/\/garodvasia.lt\/wp-content\/uploads\/2026\/03\/DSC7167-scaled-900x675.jpg\" class=\"attachment-woocommerce_thumbnail size-woocommerce_thumbnail\" alt=\"Didelis d\u0117klas rank\u0173 darbo v\u0117duoklei\" \/><h2 class=\"woocommerce-loop-product__title\">Large case for handmade fan<\/h2>\n\t<span class=\"price\"><span class=\"price\"><span class=\"woocommerce-Price-amount amount\"><bdi>12,00&nbsp;<span class=\"woocommerce-Price-currencySymbol\">\u20ac<\/span><\/bdi><\/span><\/span><\/span>\n<\/a><a href=\"https:\/\/garodvasia.lt\/en\/product\/deklas-didelis\/\" aria-describedby=\"woocommerce_loop_add_to_cart_link_describedby_2126\" data-quantity=\"1\" class=\"button product_type_variable add_to_cart_button\" data-product_id=\"2126\" data-product_sku=\"DD\" aria-label=\"Select options for \u201cDidelis d\u0117klas rank\u0173 darbo v\u0117duoklei\u201d\" rel=\"nofollow\" data-no-translation=\"\" data-trp-gettext=\"\" data-no-translation-aria-label=\"\">Select options<\/a>\t<span id=\"woocommerce_loop_add_to_cart_link_describedby_2126\" class=\"screen-reader-text\">\n\t\tThis product has multiple variants. The options may be chosen on the product page\t<\/span>\n<\/li>\n<li class=\"desktop-align-center tablet-align-center mobile-align-center product type-product post-2131 status-publish instock product_cat-deklai has-post-thumbnail shipping-taxable purchasable product-type-variable has-default-attributes\">\n\t<a href=\"https:\/\/garodvasia.lt\/en\/product\/deklas-vidutinis\/\" class=\"woocommerce-LoopProduct-link woocommerce-loop-product__link\"><img loading=\"lazy\" decoding=\"async\" width=\"900\" height=\"675\" src=\"https:\/\/garodvasia.lt\/wp-content\/uploads\/2026\/03\/DSC7165-scaled-900x675.jpg\" class=\"attachment-woocommerce_thumbnail size-woocommerce_thumbnail\" alt=\"Vidutinis d\u0117klas rank\u0173 darbo v\u0117duoklei\" \/><h2 class=\"woocommerce-loop-product__title\">Medium case for a handmade fan<\/h2>\n\t<span class=\"price\"><span class=\"price\"><span class=\"woocommerce-Price-amount amount\"><bdi>11,00&nbsp;<span class=\"woocommerce-Price-currencySymbol\">\u20ac<\/span><\/bdi><\/span><\/span><\/span>\n<\/a><a href=\"https:\/\/garodvasia.lt\/en\/product\/deklas-vidutinis\/\" aria-describedby=\"woocommerce_loop_add_to_cart_link_describedby_2131\" data-quantity=\"1\" class=\"button product_type_variable add_to_cart_button\" data-product_id=\"2131\" data-product_sku=\"DV\" aria-label=\"Select options for \u201cVidutinis d\u0117klas rank\u0173 darbo v\u0117duoklei\u201d\" rel=\"nofollow\" data-no-translation=\"\" data-trp-gettext=\"\" data-no-translation-aria-label=\"\">Select options<\/a>\t<span id=\"woocommerce_loop_add_to_cart_link_describedby_2131\" class=\"screen-reader-text\">\n\t\tThis product has multiple variants. The options may be chosen on the product page\t<\/span>\n<\/li>\n<li class=\"desktop-align-center tablet-align-center mobile-align-center product type-product post-2136 status-publish instock product_cat-deklai has-post-thumbnail shipping-taxable purchasable product-type-variable has-default-attributes\">\n\t<a href=\"https:\/\/garodvasia.lt\/en\/product\/deklas-mazas\/\" class=\"woocommerce-LoopProduct-link woocommerce-loop-product__link\"><img loading=\"lazy\" decoding=\"async\" width=\"900\" height=\"675\" src=\"https:\/\/garodvasia.lt\/wp-content\/uploads\/2026\/03\/DSC7170-scaled-900x675.jpg\" class=\"attachment-woocommerce_thumbnail size-woocommerce_thumbnail\" alt=\"Ma\u017eas d\u0117klas rank\u0173 darbo v\u0117duoklei\" \/><h2 class=\"woocommerce-loop-product__title\">Small case for a handmade fan<\/h2>\n\t<span class=\"price\"><span class=\"price\"><span class=\"woocommerce-Price-amount amount\"><bdi>10,00&nbsp;<span class=\"woocommerce-Price-currencySymbol\">\u20ac<\/span><\/bdi><\/span><\/span><\/span>\n<\/a><a href=\"https:\/\/garodvasia.lt\/en\/product\/deklas-mazas\/\" aria-describedby=\"woocommerce_loop_add_to_cart_link_describedby_2136\" data-quantity=\"1\" class=\"button product_type_variable add_to_cart_button\" data-product_id=\"2136\" data-product_sku=\"DM\" aria-label=\"Select options for \u201cMa\u017eas d\u0117klas rank\u0173 darbo v\u0117duoklei\u201d\" rel=\"nofollow\" data-no-translation=\"\" data-trp-gettext=\"\" data-no-translation-aria-label=\"\">Select options<\/a>\t<span id=\"woocommerce_loop_add_to_cart_link_describedby_2136\" class=\"screen-reader-text\">\n\t\tThis product has multiple variants. The options may be chosen on the product page\t<\/span>\n<\/li>\n<li class=\"desktop-align-center tablet-align-center mobile-align-center product type-product post-2114 status-publish last instock product_cat-deklai has-post-thumbnail shipping-taxable purchasable product-type-variable has-default-attributes\">\n\t<a href=\"https:\/\/garodvasia.lt\/en\/product\/deklai\/\" class=\"woocommerce-LoopProduct-link woocommerce-loop-product__link\"><img loading=\"lazy\" decoding=\"async\" width=\"900\" height=\"675\" src=\"https:\/\/garodvasia.lt\/wp-content\/uploads\/2026\/03\/DSC7228-scaled-900x675.jpg\" class=\"attachment-woocommerce_thumbnail size-woocommerce_thumbnail\" alt=\"Pasirinkite d\u0117kl\u0105 rank\u0173 darbo v\u0117duoklei\" \/><h2 class=\"woocommerce-loop-product__title\">Choose a case for a handmade fan<\/h2>\n\t<span class=\"price\"><span class=\"price\"><span class=\"woocommerce-Price-amount amount\"><bdi>10,00&nbsp;<span class=\"woocommerce-Price-currencySymbol\">\u20ac<\/span><\/bdi><\/span> \u2013 <span class=\"woocommerce-Price-amount amount\"><bdi>12,00&nbsp;<span class=\"woocommerce-Price-currencySymbol\">\u20ac<\/span><\/bdi><\/span><\/span><\/span>\n<\/a><a href=\"https:\/\/garodvasia.lt\/en\/product\/deklai\/\" aria-describedby=\"woocommerce_loop_add_to_cart_link_describedby_2114\" data-quantity=\"1\" class=\"button product_type_variable add_to_cart_button\" data-product_id=\"2114\" data-product_sku=\"D_\" aria-label=\"Select options for \u201cPasirinkite d\u0117kl\u0105 rank\u0173 darbo v\u0117duoklei\u201d\" rel=\"nofollow\" data-no-translation=\"\" data-trp-gettext=\"\" data-no-translation-aria-label=\"\">Select options<\/a>\t<span id=\"woocommerce_loop_add_to_cart_link_describedby_2114\" class=\"screen-reader-text\">\n\t\tThis product has multiple variants. The options may be chosen on the product page\t<\/span>\n<\/li>\n<\/ul>\n<\/div><\/div>\n\t\t\t\t\t\t<\/div>\n\t\t\t\t\t<\/div>\n\t\t\t\t<\/div>\n\t\t<div class=\"elementor-element elementor-element-de2c257 e-flex e-con-boxed e-con e-parent\" data-id=\"de2c257\" data-element_type=\"container\" data-e-type=\"container\" data-settings=\"{&quot;shape_divider_bottom&quot;:&quot;mountains&quot;}\">\n\t\t\t\t\t<div class=\"e-con-inner\">\n\t\t\t\t<div class=\"elementor-shape elementor-shape-bottom\" aria-hidden=\"true\" data-negative=\"false\">\n\t\t\t<svg xmlns=\"http:\/\/www.w3.org\/2000\/svg\" viewbox=\"0 0 1000 100\" preserveaspectratio=\"none\">\n\t<path class=\"elementor-shape-fill\" opacity=\"0.33\" d=\"M473,67.3c-203.9,88.3-263.1-34-320.3,0C66,119.1,0,59.7,0,59.7V0h1000v59.7 c0,0-62.1,26.1-94.9,29.3c-32.8,3.3-62.8-12.3-75.8-22.1C806,49.6,745.3,8.7,694.9,4.7S492.4,59,473,67.3z\"\/>\n\t<path class=\"elementor-shape-fill\" opacity=\"0.66\" d=\"M734,67.3c-45.5,0-77.2-23.2-129.1-39.1c-28.6-8.7-150.3-10.1-254,39.1 s-91.7-34.4-149.2,0C115.7,118.3,0,39.8,0,39.8V0h1000v36.5c0,0-28.2-18.5-92.1-18.5C810.2,18.1,775.7,67.3,734,67.3z\"\/>\n\t<path class=\"elementor-shape-fill\" d=\"M766.1,28.9c-200-57.5-266,65.5-395.1,19.5C242,1.8,242,5.4,184.8,20.6C128,35.8,132.3,44.9,89.9,52.5C28.6,63.7,0,0,0,0 h1000c0,0-9.9,40.9-83.6,48.1S829.6,47,766.1,28.9z\"\/>\n<\/svg>\t\t<\/div>\n\t\t\t\t<div class=\"elementor-element elementor-element-e97d700 elementor-widget elementor-widget-text-editor\" data-id=\"e97d700\" data-element_type=\"widget\" data-e-type=\"widget\" data-widget_type=\"text-editor.default\">\n\t\t\t\t\t\t\t\t\t<p>\u00a0<\/p>\n<p>\u00a0<\/p>\t\t\t\t\t\t\t\t<\/div>\n\t\t\t\t\t<\/div>\n\t\t\t\t<\/div>\n\t\t\t\t<\/div>","protected":false},"excerpt":{"rendered":"<p>\u00a0 \u00a0 Internetin\u0117 parduotuv\u0117 \u017demiau pateikiami visi m\u016bs\u0173 rank\u0173 darbo pirties produktai. Atidare prek\u0119, gal\u0117site per\u017ei\u016br\u0117ti nuotraukas, pasirinkti tinkam\u0105 dyd\u012f [&hellip;]<\/p>\n","protected":false},"author":1,"featured_media":0,"parent":0,"menu_order":0,"comment_status":"closed","ping_status":"closed","template":"","meta":{"_monsterinsights_skip_tracking":false,"_monsterinsights_sitenote_active":false,"_monsterinsights_sitenote_note":"","_monsterinsights_sitenote_category":0,"site-sidebar-layout":"default","site-content-layout":"","ast-site-content-layout":"default","site-content-style":"default","site-sidebar-style":"default","ast-global-header-display":"","ast-banner-title-visibility":"","ast-main-header-display":"","ast-hfb-above-header-display":"","ast-hfb-below-header-display":"","ast-hfb-mobile-header-display":"","site-post-title":"disabled","ast-breadcrumbs-content":"","ast-featured-img":"","footer-sml-layout":"","ast-disable-related-posts":"","theme-transparent-header-meta":"","adv-header-id-meta":"","stick-header-meta":"","header-above-stick-meta":"","header-main-stick-meta":"","header-below-stick-meta":"","astra-migrate-meta-layouts":"default","ast-page-background-enabled":"default","ast-page-background-meta":{"desktop":{"background-color":"var(--ast-global-color-5)","background-image":"","background-repeat":"repeat","background-position":"center center","background-size":"auto","background-attachment":"scroll","background-type":"","background-media":"","overlay-type":"","overlay-color":"","overlay-opacity":"","overlay-gradient":""},"tablet":{"background-color":"","background-image":"","background-repeat":"repeat","background-position":"center center","background-size":"auto","background-attachment":"scroll","background-type":"","background-media":"","overlay-type":"","overlay-color":"","overlay-opacity":"","overlay-gradient":""},"mobile":{"background-color":"","background-image":"","background-repeat":"repeat","background-position":"center center","background-size":"auto","background-attachment":"scroll","background-type":"","background-media":"","overlay-type":"","overlay-color":"","overlay-opacity":"","overlay-gradient":""}},"ast-content-background-meta":{"desktop":{"background-color":"var(--ast-global-color-4)","background-image":"","background-repeat":"repeat","background-position":"center center","background-size":"auto","background-attachment":"scroll","background-type":"","background-media":"","overlay-type":"","overlay-color":"","overlay-opacity":"","overlay-gradient":""},"tablet":{"background-color":"var(--ast-global-color-4)","background-image":"","background-repeat":"repeat","background-position":"center center","background-size":"auto","background-attachment":"scroll","background-type":"","background-media":"","overlay-type":"","overlay-color":"","overlay-opacity":"","overlay-gradient":""},"mobile":{"background-color":"var(--ast-global-color-4)","background-image":"","background-repeat":"repeat","background-position":"center center","background-size":"auto","background-attachment":"scroll","background-type":"","background-media":"","overlay-type":"","overlay-color":"","overlay-opacity":"","overlay-gradient":""}},"footnotes":""},"class_list":["post-757","page","type-page","status-publish","hentry"],"aioseo_notices":[],"_links":{"self":[{"href":"https:\/\/garodvasia.lt\/en\/wp-json\/wp\/v2\/pages\/757","targetHints":{"allow":["GET"]}}],"collection":[{"href":"https:\/\/garodvasia.lt\/en\/wp-json\/wp\/v2\/pages"}],"about":[{"href":"https:\/\/garodvasia.lt\/en\/wp-json\/wp\/v2\/types\/page"}],"author":[{"embeddable":true,"href":"https:\/\/garodvasia.lt\/en\/wp-json\/wp\/v2\/users\/1"}],"replies":[{"embeddable":true,"href":"https:\/\/garodvasia.lt\/en\/wp-json\/wp\/v2\/comments?post=757"}],"version-history":[{"count":130,"href":"https:\/\/garodvasia.lt\/en\/wp-json\/wp\/v2\/pages\/757\/revisions"}],"predecessor-version":[{"id":2378,"href":"https:\/\/garodvasia.lt\/en\/wp-json\/wp\/v2\/pages\/757\/revisions\/2378"}],"wp:attachment":[{"href":"https:\/\/garodvasia.lt\/en\/wp-json\/wp\/v2\/media?parent=757"}],"curies":[{"name":"wp","href":"https:\/\/api.w.org\/{rel}","templated":true}]}}